{"id":598,"date":"2018-01-22T16:13:23","date_gmt":"2018-01-22T16:13:23","guid":{"rendered":"https:\/\/www.nuevomilenio-inmo.com\/blog\/?page_id=598"},"modified":"2018-01-22T16:37:47","modified_gmt":"2018-01-22T16:37:47","slug":"que-hacemos","status":"publish","type":"page","link":"https:\/\/www.nuevomilenio-inmo.com\/blog\/que-hacemos\/","title":{"rendered":"Qu\u00e9 hacemos"},"content":{"rendered":"<p>La Misi\u00f3n de nuevo milenio inmobiliaria es ayudar a sus clientes a tomar la decisi\u00f3n correcta. Sus Agentes desarrollan su servicio a partir de un determinado encargo de venta, de compra o de alquiler, representando los intereses de su cliente, sin conflicto de intereses, sin intermediar. Su modelo se basa en conseguir, mediante un servicio cualificado, que su cliente venda, compre o alquile sin problemas y siempre al mejor precio.<\/p>\n<p>Los Agentes de nuevo milenio se forman con el objetivo de negociar \u00fanicamente a favor de los intereses de una de las partes del negocio inmobiliario, el cliente que les conf\u00eda su representaci\u00f3n. Tanto si quieres vender, como comprar o alquilar, nuestro equipo se encarga de que lo consigas sin problemas, con las menos molestias posibles y al mejor precio. Y no siempre la mejor soluci\u00f3n es comprar, vender o alquilar, por eso asesoramos a nuestros clientes pensando s\u00f3lo en lo que a ellos les conviene.<\/p>\n<p>Desde 2004, te ayudamos a tomar la decisi\u00f3n correcta.<\/p>\n<p>&nbsp;<\/p>\n<p>&nbsp;<\/p>\n<p>&nbsp;<\/p>\n","protected":false},"excerpt":{"rendered":"<p>La Misi\u00f3n de nuevo milenio inmobiliaria es ayudar a sus clientes a tomar la decisi\u00f3n correcta. Sus Agentes desarrollan su [&hellip;]<\/p>\n","protected":false},"author":1,"featured_media":0,"parent":0,"menu_order":0,"comment_status":"closed","ping_status":"closed","template":"","meta":{"site-sidebar-layout":"default","site-content-layout":"","ast-site-content-layout":"default","site-content-style":"default","site-sidebar-style":"default","ast-global-header-display":"","ast-banner-title-visibility":"","ast-main-header-display":"","ast-hfb-above-header-display":"","ast-hfb-below-header-display":"","ast-hfb-mobile-header-display":"","site-post-title":"","ast-breadcrumbs-content":"","ast-featured-img":"","footer-sml-layout":"","theme-transparent-header-meta":"","adv-header-id-meta":"","stick-header-meta":"","header-above-stick-meta":"","header-main-stick-meta":"","header-below-stick-meta":"","astra-migrate-meta-layouts":"default","ast-page-background-enabled":"default","ast-page-background-meta":{"desktop":{"background-color":"var(--ast-global-color-4)","background-image":"","background-repeat":"repeat","background-position":"center center","background-size":"auto","background-attachment":"scroll","background-type":"","background-media":"","overlay-type":"","overlay-color":"","overlay-opacity":"","overlay-gradient":""},"tablet":{"background-color":"","background-image":"","background-repeat":"repeat","background-position":"center center","background-size":"auto","background-attachment":"scroll","background-type":"","background-media":"","overlay-type":"","overlay-color":"","overlay-opacity":"","overlay-gradient":""},"mobile":{"background-color":"","background-image":"","background-repeat":"repeat","background-position":"center center","background-size":"auto","background-attachment":"scroll","background-type":"","background-media":"","overlay-type":"","overlay-color":"","overlay-opacity":"","overlay-gradient":""}},"ast-content-background-meta":{"desktop":{"background-color":"var(--ast-global-color-5)","background-image":"","background-repeat":"repeat","background-position":"center center","background-size":"auto","background-attachment":"scroll","background-type":"","background-media":"","overlay-type":"","overlay-color":"","overlay-opacity":"","overlay-gradient":""},"tablet":{"background-color":"var(--ast-global-color-5)","background-image":"","background-repeat":"repeat","background-position":"center center","background-size":"auto","background-attachment":"scroll","background-type":"","background-media":"","overlay-type":"","overlay-color":"","overlay-opacity":"","overlay-gradient":""},"mobile":{"background-color":"var(--ast-global-color-5)","background-image":"","background-repeat":"repeat","background-position":"center center","background-size":"auto","background-attachment":"scroll","background-type":"","background-media":"","overlay-type":"","overlay-color":"","overlay-opacity":"","overlay-gradient":""}},"footnotes":""},"class_list":["post-598","page","type-page","status-publish","hentry"],"yoast_head":"<!-- This site is optimized with the Yoast SEO plugin v27.3 - https:\/\/yoast.com\/product\/yoast-seo-wordpress\/ -->\n<title>Qu\u00e9 hacemos -<\/title>\n<meta name=\"robots\" content=\"index, follow, max-snippet:-1, max-image-preview:large, max-video-preview:-1\" \/>\n<link rel=\"canonical\" href=\"https:\/\/www.nuevomilenio-inmo.com\/blog\/que-hacemos\/\" \/>\n<meta property=\"og:locale\" content=\"es_ES\" \/>\n<meta property=\"og:type\" content=\"article\" \/>\n<meta property=\"og:title\" content=\"Qu\u00e9 hacemos -\" \/>\n<meta property=\"og:description\" content=\"La Misi\u00f3n de nuevo milenio inmobiliaria es ayudar a sus clientes a tomar la decisi\u00f3n correcta. Sus Agentes desarrollan su [&hellip;]\" \/>\n<meta property=\"og:url\" content=\"https:\/\/www.nuevomilenio-inmo.com\/blog\/que-hacemos\/\" \/>\n<meta property=\"article:publisher\" content=\"https:\/\/www.facebook.com\/nuevomilenioinmo\/\" \/>\n<meta property=\"article:modified_time\" content=\"2018-01-22T16:37:47+00:00\" \/>\n<meta name=\"twitter:card\" content=\"summary_large_image\" \/>\n<meta name=\"twitter:site\" content=\"@milenioinmo\" \/>\n<meta name=\"twitter:label1\" content=\"Tiempo de lectura\" \/>\n\t<meta name=\"twitter:data1\" content=\"1 minuto\" \/>\n<script type=\"application\/ld+json\" class=\"yoast-schema-graph\">{\"@context\":\"https:\\\/\\\/schema.org\",\"@graph\":[{\"@type\":\"WebPage\",\"@id\":\"https:\\\/\\\/www.nuevomilenio-inmo.com\\\/blog\\\/que-hacemos\\\/\",\"url\":\"https:\\\/\\\/www.nuevomilenio-inmo.com\\\/blog\\\/que-hacemos\\\/\",\"name\":\"Qu\u00e9 hacemos -\",\"isPartOf\":{\"@id\":\"https:\\\/\\\/www.nuevomilenio-inmo.com\\\/blog\\\/#website\"},\"datePublished\":\"2018-01-22T16:13:23+00:00\",\"dateModified\":\"2018-01-22T16:37:47+00:00\",\"breadcrumb\":{\"@id\":\"https:\\\/\\\/www.nuevomilenio-inmo.com\\\/blog\\\/que-hacemos\\\/#breadcrumb\"},\"inLanguage\":\"es\",\"potentialAction\":[{\"@type\":\"ReadAction\",\"target\":[\"https:\\\/\\\/www.nuevomilenio-inmo.com\\\/blog\\\/que-hacemos\\\/\"]}]},{\"@type\":\"BreadcrumbList\",\"@id\":\"https:\\\/\\\/www.nuevomilenio-inmo.com\\\/blog\\\/que-hacemos\\\/#breadcrumb\",\"itemListElement\":[{\"@type\":\"ListItem\",\"position\":1,\"name\":\"Portada\",\"item\":\"https:\\\/\\\/www.nuevomilenio-inmo.com\\\/blog\\\/\"},{\"@type\":\"ListItem\",\"position\":2,\"name\":\"Qu\u00e9 hacemos\"}]},{\"@type\":\"WebSite\",\"@id\":\"https:\\\/\\\/www.nuevomilenio-inmo.com\\\/blog\\\/#website\",\"url\":\"https:\\\/\\\/www.nuevomilenio-inmo.com\\\/blog\\\/\",\"name\":\"Blog de Nuevo Milenio\",\"description\":\"\",\"publisher\":{\"@id\":\"https:\\\/\\\/www.nuevomilenio-inmo.com\\\/blog\\\/#organization\"},\"potentialAction\":[{\"@type\":\"SearchAction\",\"target\":{\"@type\":\"EntryPoint\",\"urlTemplate\":\"https:\\\/\\\/www.nuevomilenio-inmo.com\\\/blog\\\/?s={search_term_string}\"},\"query-input\":{\"@type\":\"PropertyValueSpecification\",\"valueRequired\":true,\"valueName\":\"search_term_string\"}}],\"inLanguage\":\"es\"},{\"@type\":\"Organization\",\"@id\":\"https:\\\/\\\/www.nuevomilenio-inmo.com\\\/blog\\\/#organization\",\"name\":\"Nuevo Milenio Inmobiliaria\",\"url\":\"https:\\\/\\\/www.nuevomilenio-inmo.com\\\/blog\\\/\",\"logo\":{\"@type\":\"ImageObject\",\"inLanguage\":\"es\",\"@id\":\"https:\\\/\\\/www.nuevomilenio-inmo.com\\\/blog\\\/#\\\/schema\\\/logo\\\/image\\\/\",\"url\":\"https:\\\/\\\/www.nuevomilenio-inmo.com\\\/blog\\\/wp-content\\\/uploads\\\/2017\\\/12\\\/cropped-cropped-Logo-NM-2016.jpg\",\"contentUrl\":\"https:\\\/\\\/www.nuevomilenio-inmo.com\\\/blog\\\/wp-content\\\/uploads\\\/2017\\\/12\\\/cropped-cropped-Logo-NM-2016.jpg\",\"width\":878,\"height\":169,\"caption\":\"Nuevo Milenio Inmobiliaria\"},\"image\":{\"@id\":\"https:\\\/\\\/www.nuevomilenio-inmo.com\\\/blog\\\/#\\\/schema\\\/logo\\\/image\\\/\"},\"sameAs\":[\"https:\\\/\\\/www.facebook.com\\\/nuevomilenioinmo\\\/\",\"https:\\\/\\\/x.com\\\/milenioinmo\"]}]}<\/script>\n<!-- \/ Yoast SEO plugin. -->","yoast_head_json":{"title":"Qu\u00e9 hacemos -","robots":{"index":"index","follow":"follow","max-snippet":"max-snippet:-1","max-image-preview":"max-image-preview:large","max-video-preview":"max-video-preview:-1"},"canonical":"https:\/\/www.nuevomilenio-inmo.com\/blog\/que-hacemos\/","og_locale":"es_ES","og_type":"article","og_title":"Qu\u00e9 hacemos -","og_description":"La Misi\u00f3n de nuevo milenio inmobiliaria es ayudar a sus clientes a tomar la decisi\u00f3n correcta. Sus Agentes desarrollan su [&hellip;]","og_url":"https:\/\/www.nuevomilenio-inmo.com\/blog\/que-hacemos\/","article_publisher":"https:\/\/www.facebook.com\/nuevomilenioinmo\/","article_modified_time":"2018-01-22T16:37:47+00:00","twitter_card":"summary_large_image","twitter_site":"@milenioinmo","twitter_misc":{"Tiempo de lectura":"1 minuto"},"schema":{"@context":"https:\/\/schema.org","@graph":[{"@type":"WebPage","@id":"https:\/\/www.nuevomilenio-inmo.com\/blog\/que-hacemos\/","url":"https:\/\/www.nuevomilenio-inmo.com\/blog\/que-hacemos\/","name":"Qu\u00e9 hacemos -","isPartOf":{"@id":"https:\/\/www.nuevomilenio-inmo.com\/blog\/#website"},"datePublished":"2018-01-22T16:13:23+00:00","dateModified":"2018-01-22T16:37:47+00:00","breadcrumb":{"@id":"https:\/\/www.nuevomilenio-inmo.com\/blog\/que-hacemos\/#breadcrumb"},"inLanguage":"es","potentialAction":[{"@type":"ReadAction","target":["https:\/\/www.nuevomilenio-inmo.com\/blog\/que-hacemos\/"]}]},{"@type":"BreadcrumbList","@id":"https:\/\/www.nuevomilenio-inmo.com\/blog\/que-hacemos\/#breadcrumb","itemListElement":[{"@type":"ListItem","position":1,"name":"Portada","item":"https:\/\/www.nuevomilenio-inmo.com\/blog\/"},{"@type":"ListItem","position":2,"name":"Qu\u00e9 hacemos"}]},{"@type":"WebSite","@id":"https:\/\/www.nuevomilenio-inmo.com\/blog\/#website","url":"https:\/\/www.nuevomilenio-inmo.com\/blog\/","name":"Blog de Nuevo Milenio","description":"","publisher":{"@id":"https:\/\/www.nuevomilenio-inmo.com\/blog\/#organization"},"potentialAction":[{"@type":"SearchAction","target":{"@type":"EntryPoint","urlTemplate":"https:\/\/www.nuevomilenio-inmo.com\/blog\/?s={search_term_string}"},"query-input":{"@type":"PropertyValueSpecification","valueRequired":true,"valueName":"search_term_string"}}],"inLanguage":"es"},{"@type":"Organization","@id":"https:\/\/www.nuevomilenio-inmo.com\/blog\/#organization","name":"Nuevo Milenio Inmobiliaria","url":"https:\/\/www.nuevomilenio-inmo.com\/blog\/","logo":{"@type":"ImageObject","inLanguage":"es","@id":"https:\/\/www.nuevomilenio-inmo.com\/blog\/#\/schema\/logo\/image\/","url":"https:\/\/www.nuevomilenio-inmo.com\/blog\/wp-content\/uploads\/2017\/12\/cropped-cropped-Logo-NM-2016.jpg","contentUrl":"https:\/\/www.nuevomilenio-inmo.com\/blog\/wp-content\/uploads\/2017\/12\/cropped-cropped-Logo-NM-2016.jpg","width":878,"height":169,"caption":"Nuevo Milenio Inmobiliaria"},"image":{"@id":"https:\/\/www.nuevomilenio-inmo.com\/blog\/#\/schema\/logo\/image\/"},"sameAs":["https:\/\/www.facebook.com\/nuevomilenioinmo\/","https:\/\/x.com\/milenioinmo"]}]}},"_links":{"self":[{"href":"https:\/\/www.nuevomilenio-inmo.com\/blog\/wp-json\/wp\/v2\/pages\/598","targetHints":{"allow":["GET"]}}],"collection":[{"href":"https:\/\/www.nuevomilenio-inmo.com\/blog\/wp-json\/wp\/v2\/pages"}],"about":[{"href":"https:\/\/www.nuevomilenio-inmo.com\/blog\/wp-json\/wp\/v2\/types\/page"}],"author":[{"embeddable":true,"href":"https:\/\/www.nuevomilenio-inmo.com\/blog\/wp-json\/wp\/v2\/users\/1"}],"replies":[{"embeddable":true,"href":"https:\/\/www.nuevomilenio-inmo.com\/blog\/wp-json\/wp\/v2\/comments?post=598"}],"version-history":[{"count":7,"href":"https:\/\/www.nuevomilenio-inmo.com\/blog\/wp-json\/wp\/v2\/pages\/598\/revisions"}],"predecessor-version":[{"id":639,"href":"https:\/\/www.nuevomilenio-inmo.com\/blog\/wp-json\/wp\/v2\/pages\/598\/revisions\/639"}],"wp:attachment":[{"href":"https:\/\/www.nuevomilenio-inmo.com\/blog\/wp-json\/wp\/v2\/media?parent=598"}],"curies":[{"name":"wp","href":"https:\/\/api.w.org\/{rel}","templated":true}]}}