{"id":585,"date":"2018-01-22T16:08:57","date_gmt":"2018-01-22T16:08:57","guid":{"rendered":"https:\/\/www.nuevomilenio-inmo.com\/blog\/?page_id=585"},"modified":"2018-01-22T16:34:47","modified_gmt":"2018-01-22T16:34:47","slug":"quienes-somos","status":"publish","type":"page","link":"https:\/\/www.nuevomilenio-inmo.com\/blog\/quienes-somos\/","title":{"rendered":"Qui\u00e9nes somos"},"content":{"rendered":"<p><a href=\"http:\/\/blog.vivirenalcorcon.com\/wp-content\/uploads\/2018\/01\/equipo.jpg\"><img loading=\"lazy\" decoding=\"async\" class=\"aligncenter wp-image-614 size-full\" src=\"http:\/\/blog.vivirenalcorcon.com\/wp-content\/uploads\/2018\/01\/equipo.jpg\" alt=\"\" width=\"1600\" height=\"1066\" srcset=\"https:\/\/www.nuevomilenio-inmo.com\/blog\/wp-content\/uploads\/2018\/01\/equipo.jpg 1600w, https:\/\/www.nuevomilenio-inmo.com\/blog\/wp-content\/uploads\/2018\/01\/equipo-300x200.jpg 300w, https:\/\/www.nuevomilenio-inmo.com\/blog\/wp-content\/uploads\/2018\/01\/equipo-768x512.jpg 768w, https:\/\/www.nuevomilenio-inmo.com\/blog\/wp-content\/uploads\/2018\/01\/equipo-1024x682.jpg 1024w\" sizes=\"auto, (max-width: 1600px) 100vw, 1600px\" \/><\/a><\/p>\n<p>Nuevo milenio inmobiliaria es una agencia inmobiliaria de representaci\u00f3n.\u00a0 Su \u00e1mbito de actuaci\u00f3n es la Comunidad Aut\u00f3noma de Madrid, siendo su \u00e1rea de especialidad la comarca suroeste de Madrid. Los Agentes de nuevo milenio, desarrollan un eficaz plan de venta, de compra o de alquiler, de acuerdo a los intereses exclusivos de su cliente.<\/p>\n<p>Su gerente, Jose Mar\u00eda Alfaro, es agente inmobiliario con designaci\u00f3n internacional CRS desde 2013 (www.crsspain.es CRS es una organizaci\u00f3n sin \u00e1nimo de lucro, creada hace 25 a\u00f1os en el seno de la National Association of REALTORs, para formar a aquellos agentes inmobiliarios que desean distinguirse de su competencia por contar con formaci\u00f3n y experiencia acreditadas, y mantener un compromiso de calidad en el servicio que prestan a sus clientes).<\/p>\n<p>Un equipo de doce personas, multidisciplinar, con experiencia contrastada y bien coordinado para la mayor eficiencia.<\/p>\n<p>Desde 2004, te ayudamos a tomar la decisi\u00f3n correcta, te ayudamos a acertar.<\/p>\n","protected":false},"excerpt":{"rendered":"<p>Nuevo milenio inmobiliaria es una agencia inmobiliaria de representaci\u00f3n.\u00a0 Su \u00e1mbito de actuaci\u00f3n es la Comunidad Aut\u00f3noma de Madrid, siendo [&hellip;]<\/p>\n","protected":false},"author":1,"featured_media":0,"parent":0,"menu_order":0,"comment_status":"closed","ping_status":"closed","template":"","meta":{"site-sidebar-layout":"default","site-content-layout":"","ast-site-content-layout":"default","site-content-style":"default","site-sidebar-style":"default","ast-global-header-display":"","ast-banner-title-visibility":"","ast-main-header-display":"","ast-hfb-above-header-display":"","ast-hfb-below-header-display":"","ast-hfb-mobile-header-display":"","site-post-title":"","ast-breadcrumbs-content":"","ast-featured-img":"","footer-sml-layout":"","theme-transparent-header-meta":"","adv-header-id-meta":"","stick-header-meta":"","header-above-stick-meta":"","header-main-stick-meta":"","header-below-stick-meta":"","astra-migrate-meta-layouts":"default","ast-page-background-enabled":"default","ast-page-background-meta":{"desktop":{"background-color":"var(--ast-global-color-4)","background-image":"","background-repeat":"repeat","background-position":"center center","background-size":"auto","background-attachment":"scroll","background-type":"","background-media":"","overlay-type":"","overlay-color":"","overlay-opacity":"","overlay-gradient":""},"tablet":{"background-color":"","background-image":"","background-repeat":"repeat","background-position":"center center","background-size":"auto","background-attachment":"scroll","background-type":"","background-media":"","overlay-type":"","overlay-color":"","overlay-opacity":"","overlay-gradient":""},"mobile":{"background-color":"","background-image":"","background-repeat":"repeat","background-position":"center center","background-size":"auto","background-attachment":"scroll","background-type":"","background-media":"","overlay-type":"","overlay-color":"","overlay-opacity":"","overlay-gradient":""}},"ast-content-background-meta":{"desktop":{"background-color":"var(--ast-global-color-5)","background-image":"","background-repeat":"repeat","background-position":"center center","background-size":"auto","background-attachment":"scroll","background-type":"","background-media":"","overlay-type":"","overlay-color":"","overlay-opacity":"","overlay-gradient":""},"tablet":{"background-color":"var(--ast-global-color-5)","background-image":"","background-repeat":"repeat","background-position":"center center","background-size":"auto","background-attachment":"scroll","background-type":"","background-media":"","overlay-type":"","overlay-color":"","overlay-opacity":"","overlay-gradient":""},"mobile":{"background-color":"var(--ast-global-color-5)","background-image":"","background-repeat":"repeat","background-position":"center center","background-size":"auto","background-attachment":"scroll","background-type":"","background-media":"","overlay-type":"","overlay-color":"","overlay-opacity":"","overlay-gradient":""}},"footnotes":""},"class_list":["post-585","page","type-page","status-publish","hentry"],"yoast_head":"<!-- This site is optimized with the Yoast SEO plugin v27.3 - https:\/\/yoast.com\/product\/yoast-seo-wordpress\/ -->\n<title>Qui\u00e9nes somos -<\/title>\n<meta name=\"robots\" content=\"index, follow, max-snippet:-1, max-image-preview:large, max-video-preview:-1\" \/>\n<link rel=\"canonical\" href=\"https:\/\/www.nuevomilenio-inmo.com\/blog\/quienes-somos\/\" \/>\n<meta property=\"og:locale\" content=\"es_ES\" \/>\n<meta property=\"og:type\" content=\"article\" \/>\n<meta property=\"og:title\" content=\"Qui\u00e9nes somos -\" \/>\n<meta property=\"og:description\" content=\"Nuevo milenio inmobiliaria es una agencia inmobiliaria de representaci\u00f3n.\u00a0 Su \u00e1mbito de actuaci\u00f3n es la Comunidad Aut\u00f3noma de Madrid, siendo [&hellip;]\" \/>\n<meta property=\"og:url\" content=\"https:\/\/www.nuevomilenio-inmo.com\/blog\/quienes-somos\/\" \/>\n<meta property=\"article:publisher\" content=\"https:\/\/www.facebook.com\/nuevomilenioinmo\/\" \/>\n<meta property=\"article:modified_time\" content=\"2018-01-22T16:34:47+00:00\" \/>\n<meta property=\"og:image\" content=\"http:\/\/blog.vivirenalcorcon.com\/wp-content\/uploads\/2018\/01\/equipo.jpg\" \/>\n<meta name=\"twitter:card\" content=\"summary_large_image\" \/>\n<meta name=\"twitter:site\" content=\"@milenioinmo\" \/>\n<meta name=\"twitter:label1\" content=\"Tiempo de lectura\" \/>\n\t<meta name=\"twitter:data1\" content=\"1 minuto\" \/>\n<script type=\"application\/ld+json\" class=\"yoast-schema-graph\">{\"@context\":\"https:\\\/\\\/schema.org\",\"@graph\":[{\"@type\":\"WebPage\",\"@id\":\"https:\\\/\\\/www.nuevomilenio-inmo.com\\\/blog\\\/quienes-somos\\\/\",\"url\":\"https:\\\/\\\/www.nuevomilenio-inmo.com\\\/blog\\\/quienes-somos\\\/\",\"name\":\"Qui\u00e9nes somos -\",\"isPartOf\":{\"@id\":\"https:\\\/\\\/www.nuevomilenio-inmo.com\\\/blog\\\/#website\"},\"primaryImageOfPage\":{\"@id\":\"https:\\\/\\\/www.nuevomilenio-inmo.com\\\/blog\\\/quienes-somos\\\/#primaryimage\"},\"image\":{\"@id\":\"https:\\\/\\\/www.nuevomilenio-inmo.com\\\/blog\\\/quienes-somos\\\/#primaryimage\"},\"thumbnailUrl\":\"http:\\\/\\\/blog.vivirenalcorcon.com\\\/wp-content\\\/uploads\\\/2018\\\/01\\\/equipo.jpg\",\"datePublished\":\"2018-01-22T16:08:57+00:00\",\"dateModified\":\"2018-01-22T16:34:47+00:00\",\"breadcrumb\":{\"@id\":\"https:\\\/\\\/www.nuevomilenio-inmo.com\\\/blog\\\/quienes-somos\\\/#breadcrumb\"},\"inLanguage\":\"es\",\"potentialAction\":[{\"@type\":\"ReadAction\",\"target\":[\"https:\\\/\\\/www.nuevomilenio-inmo.com\\\/blog\\\/quienes-somos\\\/\"]}]},{\"@type\":\"ImageObject\",\"inLanguage\":\"es\",\"@id\":\"https:\\\/\\\/www.nuevomilenio-inmo.com\\\/blog\\\/quienes-somos\\\/#primaryimage\",\"url\":\"http:\\\/\\\/blog.vivirenalcorcon.com\\\/wp-content\\\/uploads\\\/2018\\\/01\\\/equipo.jpg\",\"contentUrl\":\"http:\\\/\\\/blog.vivirenalcorcon.com\\\/wp-content\\\/uploads\\\/2018\\\/01\\\/equipo.jpg\"},{\"@type\":\"BreadcrumbList\",\"@id\":\"https:\\\/\\\/www.nuevomilenio-inmo.com\\\/blog\\\/quienes-somos\\\/#breadcrumb\",\"itemListElement\":[{\"@type\":\"ListItem\",\"position\":1,\"name\":\"Portada\",\"item\":\"https:\\\/\\\/www.nuevomilenio-inmo.com\\\/blog\\\/\"},{\"@type\":\"ListItem\",\"position\":2,\"name\":\"Qui\u00e9nes somos\"}]},{\"@type\":\"WebSite\",\"@id\":\"https:\\\/\\\/www.nuevomilenio-inmo.com\\\/blog\\\/#website\",\"url\":\"https:\\\/\\\/www.nuevomilenio-inmo.com\\\/blog\\\/\",\"name\":\"Blog de Nuevo Milenio\",\"description\":\"\",\"publisher\":{\"@id\":\"https:\\\/\\\/www.nuevomilenio-inmo.com\\\/blog\\\/#organization\"},\"potentialAction\":[{\"@type\":\"SearchAction\",\"target\":{\"@type\":\"EntryPoint\",\"urlTemplate\":\"https:\\\/\\\/www.nuevomilenio-inmo.com\\\/blog\\\/?s={search_term_string}\"},\"query-input\":{\"@type\":\"PropertyValueSpecification\",\"valueRequired\":true,\"valueName\":\"search_term_string\"}}],\"inLanguage\":\"es\"},{\"@type\":\"Organization\",\"@id\":\"https:\\\/\\\/www.nuevomilenio-inmo.com\\\/blog\\\/#organization\",\"name\":\"Nuevo Milenio Inmobiliaria\",\"url\":\"https:\\\/\\\/www.nuevomilenio-inmo.com\\\/blog\\\/\",\"logo\":{\"@type\":\"ImageObject\",\"inLanguage\":\"es\",\"@id\":\"https:\\\/\\\/www.nuevomilenio-inmo.com\\\/blog\\\/#\\\/schema\\\/logo\\\/image\\\/\",\"url\":\"https:\\\/\\\/www.nuevomilenio-inmo.com\\\/blog\\\/wp-content\\\/uploads\\\/2017\\\/12\\\/cropped-cropped-Logo-NM-2016.jpg\",\"contentUrl\":\"https:\\\/\\\/www.nuevomilenio-inmo.com\\\/blog\\\/wp-content\\\/uploads\\\/2017\\\/12\\\/cropped-cropped-Logo-NM-2016.jpg\",\"width\":878,\"height\":169,\"caption\":\"Nuevo Milenio Inmobiliaria\"},\"image\":{\"@id\":\"https:\\\/\\\/www.nuevomilenio-inmo.com\\\/blog\\\/#\\\/schema\\\/logo\\\/image\\\/\"},\"sameAs\":[\"https:\\\/\\\/www.facebook.com\\\/nuevomilenioinmo\\\/\",\"https:\\\/\\\/x.com\\\/milenioinmo\"]}]}<\/script>\n<!-- \/ Yoast SEO plugin. -->","yoast_head_json":{"title":"Qui\u00e9nes somos -","robots":{"index":"index","follow":"follow","max-snippet":"max-snippet:-1","max-image-preview":"max-image-preview:large","max-video-preview":"max-video-preview:-1"},"canonical":"https:\/\/www.nuevomilenio-inmo.com\/blog\/quienes-somos\/","og_locale":"es_ES","og_type":"article","og_title":"Qui\u00e9nes somos -","og_description":"Nuevo milenio inmobiliaria es una agencia inmobiliaria de representaci\u00f3n.\u00a0 Su \u00e1mbito de actuaci\u00f3n es la Comunidad Aut\u00f3noma de Madrid, siendo [&hellip;]","og_url":"https:\/\/www.nuevomilenio-inmo.com\/blog\/quienes-somos\/","article_publisher":"https:\/\/www.facebook.com\/nuevomilenioinmo\/","article_modified_time":"2018-01-22T16:34:47+00:00","og_image":[{"url":"http:\/\/blog.vivirenalcorcon.com\/wp-content\/uploads\/2018\/01\/equipo.jpg","type":"","width":"","height":""}],"twitter_card":"summary_large_image","twitter_site":"@milenioinmo","twitter_misc":{"Tiempo de lectura":"1 minuto"},"schema":{"@context":"https:\/\/schema.org","@graph":[{"@type":"WebPage","@id":"https:\/\/www.nuevomilenio-inmo.com\/blog\/quienes-somos\/","url":"https:\/\/www.nuevomilenio-inmo.com\/blog\/quienes-somos\/","name":"Qui\u00e9nes somos -","isPartOf":{"@id":"https:\/\/www.nuevomilenio-inmo.com\/blog\/#website"},"primaryImageOfPage":{"@id":"https:\/\/www.nuevomilenio-inmo.com\/blog\/quienes-somos\/#primaryimage"},"image":{"@id":"https:\/\/www.nuevomilenio-inmo.com\/blog\/quienes-somos\/#primaryimage"},"thumbnailUrl":"http:\/\/blog.vivirenalcorcon.com\/wp-content\/uploads\/2018\/01\/equipo.jpg","datePublished":"2018-01-22T16:08:57+00:00","dateModified":"2018-01-22T16:34:47+00:00","breadcrumb":{"@id":"https:\/\/www.nuevomilenio-inmo.com\/blog\/quienes-somos\/#breadcrumb"},"inLanguage":"es","potentialAction":[{"@type":"ReadAction","target":["https:\/\/www.nuevomilenio-inmo.com\/blog\/quienes-somos\/"]}]},{"@type":"ImageObject","inLanguage":"es","@id":"https:\/\/www.nuevomilenio-inmo.com\/blog\/quienes-somos\/#primaryimage","url":"http:\/\/blog.vivirenalcorcon.com\/wp-content\/uploads\/2018\/01\/equipo.jpg","contentUrl":"http:\/\/blog.vivirenalcorcon.com\/wp-content\/uploads\/2018\/01\/equipo.jpg"},{"@type":"BreadcrumbList","@id":"https:\/\/www.nuevomilenio-inmo.com\/blog\/quienes-somos\/#breadcrumb","itemListElement":[{"@type":"ListItem","position":1,"name":"Portada","item":"https:\/\/www.nuevomilenio-inmo.com\/blog\/"},{"@type":"ListItem","position":2,"name":"Qui\u00e9nes somos"}]},{"@type":"WebSite","@id":"https:\/\/www.nuevomilenio-inmo.com\/blog\/#website","url":"https:\/\/www.nuevomilenio-inmo.com\/blog\/","name":"Blog de Nuevo Milenio","description":"","publisher":{"@id":"https:\/\/www.nuevomilenio-inmo.com\/blog\/#organization"},"potentialAction":[{"@type":"SearchAction","target":{"@type":"EntryPoint","urlTemplate":"https:\/\/www.nuevomilenio-inmo.com\/blog\/?s={search_term_string}"},"query-input":{"@type":"PropertyValueSpecification","valueRequired":true,"valueName":"search_term_string"}}],"inLanguage":"es"},{"@type":"Organization","@id":"https:\/\/www.nuevomilenio-inmo.com\/blog\/#organization","name":"Nuevo Milenio Inmobiliaria","url":"https:\/\/www.nuevomilenio-inmo.com\/blog\/","logo":{"@type":"ImageObject","inLanguage":"es","@id":"https:\/\/www.nuevomilenio-inmo.com\/blog\/#\/schema\/logo\/image\/","url":"https:\/\/www.nuevomilenio-inmo.com\/blog\/wp-content\/uploads\/2017\/12\/cropped-cropped-Logo-NM-2016.jpg","contentUrl":"https:\/\/www.nuevomilenio-inmo.com\/blog\/wp-content\/uploads\/2017\/12\/cropped-cropped-Logo-NM-2016.jpg","width":878,"height":169,"caption":"Nuevo Milenio Inmobiliaria"},"image":{"@id":"https:\/\/www.nuevomilenio-inmo.com\/blog\/#\/schema\/logo\/image\/"},"sameAs":["https:\/\/www.facebook.com\/nuevomilenioinmo\/","https:\/\/x.com\/milenioinmo"]}]}},"_links":{"self":[{"href":"https:\/\/www.nuevomilenio-inmo.com\/blog\/wp-json\/wp\/v2\/pages\/585","targetHints":{"allow":["GET"]}}],"collection":[{"href":"https:\/\/www.nuevomilenio-inmo.com\/blog\/wp-json\/wp\/v2\/pages"}],"about":[{"href":"https:\/\/www.nuevomilenio-inmo.com\/blog\/wp-json\/wp\/v2\/types\/page"}],"author":[{"embeddable":true,"href":"https:\/\/www.nuevomilenio-inmo.com\/blog\/wp-json\/wp\/v2\/users\/1"}],"replies":[{"embeddable":true,"href":"https:\/\/www.nuevomilenio-inmo.com\/blog\/wp-json\/wp\/v2\/comments?post=585"}],"version-history":[{"count":5,"href":"https:\/\/www.nuevomilenio-inmo.com\/blog\/wp-json\/wp\/v2\/pages\/585\/revisions"}],"predecessor-version":[{"id":635,"href":"https:\/\/www.nuevomilenio-inmo.com\/blog\/wp-json\/wp\/v2\/pages\/585\/revisions\/635"}],"wp:attachment":[{"href":"https:\/\/www.nuevomilenio-inmo.com\/blog\/wp-json\/wp\/v2\/media?parent=585"}],"curies":[{"name":"wp","href":"https:\/\/api.w.org\/{rel}","templated":true}]}}